{"id":215,"date":"2020-08-16T11:26:24","date_gmt":"2020-08-16T09:26:24","guid":{"rendered":"http:\/\/www.kunstgruppe.at\/gallery\/?page_id=215"},"modified":"2025-04-02T16:33:37","modified_gmt":"2025-04-02T14:33:37","slug":"ueber-uns","status":"publish","type":"page","link":"https:\/\/www.kunstgruppe.at\/gallery\/ueber-uns\/","title":{"rendered":"\u00dcber Uns"},"content":{"rendered":"\n<p>Wir, das sind einige Kunstinteressierte, haben uns im Juni 2014 zu einer Interessensgemeinschaft zusammengeschlossen und im \u201eK\u00fcnstlerviertel\u201c von Wels, in der alten Rahmenfabrik N\u00f6fa, gemeinsam einen Atelierraum gemietet. Der Spruch \u201eWenns\u2019t w\u00fcst, <strong>kunns\u2019t<\/strong> a\u201c f\u00fchrte zum Namen<strong> \u201e KUNnS\u2019T-Gruppe\u201c<\/strong> und bedeutet, dass nicht nur akademischen K\u00fcnstlern kreatives Arbeiten und Schaffen m\u00f6glich ist, sondern dass Kreativit\u00e4t in jedem Menschen steckt.<\/p>\n\n\n\n<p>Jeden <strong>Dienstag<\/strong> wird von 10:00-12:00 Uhr im <strong>\u201eVormittagsatelier\u201c<\/strong> gezeichnet, gemalt bzw. werden Techniken erlernt (Arbeiten siehe GALERIE \/ VORMITTAGS-\/NACHMITTAGSATELIER). Es ist jeder herzlich eingeladen, einmal zum Schnuppern vorbeizukommen. Dies gilt auch f\u00fcr das <strong>\u201eNachmittagsatelier\u201c<\/strong>, das jeden <strong>Donnerstag<\/strong> ab 15:00 Uhr stattfindet. Hier steht freies Arbeiten im Mittelpunkt. Dadurch entstehen Synergien durch gegenseitige Hilfestellung und Inspiration. <\/p>\n\n\n\n<p>Beide Atelierveranstaltungen sind f\u00fcr alle Interessierten offen.<\/p>\n\n\n\n<p>F\u00fcr fixe Mitglieder der Gemeinschaft ist das Atelier auch au\u00dferhalb dieser festen Atelierzeiten jederzeit benutzbar.<\/p>\n\n\n\n<p><\/p>\n","protected":false},"excerpt":{"rendered":"<p>Wir, das sind einige Kunstinteressierte, haben uns im Juni 2014 zu einer Interessensgemeinschaft zusammengeschlossen und im \u201eK\u00fcnstlerviertel\u201c von Wels, in der alten Rahmenfabrik N\u00f6fa, gemeinsam einen Atelierraum gemietet. Der Spruch \u201eWenns\u2019t w\u00fcst, kunns\u2019t a\u201c f\u00fchrte zum Namen \u201e KUNnS\u2019T-Gruppe\u201c und bedeutet, dass nicht nur akademischen K\u00fcnstlern kreatives Arbeiten und Schaffen m\u00f6glich ist, sondern dass Kreativit\u00e4t [&hellip;]<\/p>\n","protected":false},"author":1,"featured_media":0,"parent":0,"menu_order":0,"comment_status":"closed","ping_status":"closed","template":"pagesolo.php","meta":{"footnotes":""},"class_list":["post-215","page","type-page","status-publish","hentry"],"_links":{"self":[{"href":"https:\/\/www.kunstgruppe.at\/gallery\/wp-json\/wp\/v2\/pages\/215","targetHints":{"allow":["GET"]}}],"collection":[{"href":"https:\/\/www.kunstgruppe.at\/gallery\/wp-json\/wp\/v2\/pages"}],"about":[{"href":"https:\/\/www.kunstgruppe.at\/gallery\/wp-json\/wp\/v2\/types\/page"}],"author":[{"embeddable":true,"href":"https:\/\/www.kunstgruppe.at\/gallery\/wp-json\/wp\/v2\/users\/1"}],"replies":[{"embeddable":true,"href":"https:\/\/www.kunstgruppe.at\/gallery\/wp-json\/wp\/v2\/comments?post=215"}],"version-history":[{"count":0,"href":"https:\/\/www.kunstgruppe.at\/gallery\/wp-json\/wp\/v2\/pages\/215\/revisions"}],"wp:attachment":[{"href":"https:\/\/www.kunstgruppe.at\/gallery\/wp-json\/wp\/v2\/media?parent=215"}],"curies":[{"name":"wp","href":"https:\/\/api.w.org\/{rel}","templated":true}]}}